{"id":96,"date":"2018-09-05T15:21:35","date_gmt":"2018-09-05T15:21:35","guid":{"rendered":"http:\/\/www.nicdarkthemes.com\/themes\/children\/wp\/demo\/?page_id=96"},"modified":"2021-05-18T13:38:42","modified_gmt":"2021-05-18T13:38:42","slug":"services","status":"publish","type":"page","link":"https:\/\/www.coachingforkids.nl\/?page_id=96","title":{"rendered":"Coachingsvormen"},"content":{"rendered":"<p>[vc_row css=&#8221;.vc_custom_1467207941914{margin-top: 50px !important;}&#8221;][vc_column width=&#8221;1\/4&#8243; css=&#8221;.vc_custom_1467207947647{padding-top: 10px !important;padding-bottom: 10px !important;}&#8221;]\n\n    <div class=\"nd_options_section nd_options_position_relative services_1st_row\">\n        <a rel=\"\" href=\"https:\/\/www.coachingforkids.nl\/?page_id=818\"><img decoding=\"async\" alt=\"\" class=\"\" width=\"50\" src=\"https:\/\/www.coachingforkids.nl\/wp-content\/uploads\/2018\/09\/icon-10.png\"><\/a>\n        <div class=\"nicdark_section nicdark_height_20\"><\/div>\n        <a rel=\"\" href=\"https:\/\/www.coachingforkids.nl\/?page_id=818\"><h2 style=\"color:\"><strong>INDIVIDUELE GESPREKKEN<\/strong><\/h2><\/a>\n        <div class=\"nicdark_section nicdark_height_20\"><\/div>\n        <p style=\"color:\" class=\"\">E\u00e9n op \u00e9\u00e9n gesprekken om zo optimaal aan te kunnen sluiten bij coachees. In jouw eigen tempo je doel bereiken.<\/p>\n        <div class=\"nicdark_section nicdark_height_20\"><\/div>\n        <a style=\"background-color:#74cee4;color:#ffffff;border: 1px solid\" rel=\"\" href=\"https:\/\/www.coachingforkids.nl\/?page_id=818\" class=\"nd_options_display_inline_block  nd_options_first_font  nd_options_padding_8 nd_options_border_radius_3 nd_options_font_size_13\">Lees meer<\/a>\n    <\/div>\n\n\n  [\/vc_column][vc_column width=&#8221;1\/4&#8243; css=&#8221;.vc_custom_1467207953217{padding-top: 10px !important;padding-bottom: 10px !important;}&#8221;]\n\n    <div class=\"nd_options_section nd_options_position_relative services_1st_row\">\n        <a rel=\"\" href=\"https:\/\/www.coachingforkids.nl\/?page_id=459\"><img decoding=\"async\" alt=\"\" class=\"\" width=\"50\" src=\"https:\/\/www.coachingforkids.nl\/wp-content\/uploads\/2018\/09\/icon-1.png\"><\/a>\n        <div class=\"nicdark_section nicdark_height_20\"><\/div>\n        <a rel=\"\" href=\"https:\/\/www.coachingforkids.nl\/?page_id=459\"><h2 style=\"color:\"><strong>ONLINE COACHING<\/strong><\/h2><\/a>\n        <div class=\"nicdark_section nicdark_height_20\"><\/div>\n        <p style=\"color:\" class=\"\">Online coaching kent heel veel toepassingsmogelijkheden voor volwassenen en kinderen vanaf 7 jaar.<\/p>\n        <div class=\"nicdark_section nicdark_height_20\"><\/div>\n        <a style=\"background-color:#edbf47;color:#ffffff;border: 1px solid\" rel=\"\" href=\"https:\/\/www.coachingforkids.nl\/?page_id=459\" class=\"nd_options_display_inline_block  nd_options_first_font  nd_options_padding_8 nd_options_border_radius_3 nd_options_font_size_13\">Lees meer<\/a>\n    <\/div>\n\n\n  [\/vc_column][vc_column width=&#8221;1\/4&#8243; css=&#8221;.vc_custom_1467207958392{padding-top: 10px !important;padding-bottom: 10px !important;}&#8221;]\n\n    <div class=\"nd_options_section nd_options_position_relative services_1st_row\">\n        <a rel=\"\" href=\"https:\/\/www.coachingforkids.nl\/?page_id=822\"><img decoding=\"async\" alt=\"\" class=\"\" width=\"50\" src=\"https:\/\/www.coachingforkids.nl\/wp-content\/uploads\/2018\/09\/icon-2.png\"><\/a>\n        <div class=\"nicdark_section nicdark_height_20\"><\/div>\n        <a rel=\"\" href=\"https:\/\/www.coachingforkids.nl\/?page_id=822\"><h2 style=\"color:\"><strong>CREATIEVE COACHING<\/strong><\/h2><\/a>\n        <div class=\"nicdark_section nicdark_height_20\"><\/div>\n        <p style=\"color:\" class=\"\">Creatieve coaching is een waardevolle mogelijkheid om ontspannen in gesprek te gaan met kinderen, jongeren en volwassenen.<\/p>\n        <div class=\"nicdark_section nicdark_height_20\"><\/div>\n        <a style=\"background-color:#ec774b;color:#ffffff;border: 1px solid\" rel=\"\" href=\"https:\/\/www.coachingforkids.nl\/?page_id=822\" class=\"nd_options_display_inline_block  nd_options_first_font  nd_options_padding_8 nd_options_border_radius_3 nd_options_font_size_13\">Lees meer<\/a>\n    <\/div>\n\n\n  [\/vc_column][vc_column width=&#8221;1\/4&#8243; css=&#8221;.vc_custom_1467207963477{padding-top: 10px !important;padding-bottom: 10px !important;}&#8221;]\n\n    <div class=\"nd_options_section nd_options_position_relative services_1st_row\">\n        <a rel=\"\" href=\"https:\/\/www.coachingforkids.nl\/?page_id=814\"><img decoding=\"async\" alt=\"\" class=\"\" width=\"50\" src=\"https:\/\/www.coachingforkids.nl\/wp-content\/uploads\/2018\/09\/icon-12.png\"><\/a>\n        <div class=\"nicdark_section nicdark_height_20\"><\/div>\n        <a rel=\"\" href=\"https:\/\/www.coachingforkids.nl\/?page_id=814\"><h2 style=\"color:\"><strong>ADVIESGESPREKKEN<\/strong><\/h2><\/a>\n        <div class=\"nicdark_section nicdark_height_20\"><\/div>\n        <p style=\"color:\" class=\"\">Heb je behoefte aan een luisterend oor, wil je even stoom afblazen of advies over je situatie? Neem dan contact op met de praktijk!<\/p>\n        <div class=\"nicdark_section nicdark_height_20\"><\/div>\n        <a style=\"background-color:#6fc191;color:#ffffff;border: 1px solid\" rel=\"\" href=\"https:\/\/www.coachingforkids.nl\/?page_id=814\" class=\"nd_options_display_inline_block  nd_options_first_font  nd_options_padding_8 nd_options_border_radius_3 nd_options_font_size_13\">Lees meer<\/a>\n    <\/div>\n\n\n  [\/vc_column][\/vc_row][vc_row css=&#8221;.vc_custom_1467210882955{margin-top: 50px !important;}&#8221;][vc_column css=&#8221;.vc_custom_1467210877865{padding-top: 0px !important;}&#8221;] <h2 style=\"color:;padding:px;text-align:;font-size:30px;line-height:50px;letter-spacing: px;font-weight:bold\" class=\"   nd_options_first_font \">Deze coachingsvormen zijn mogelijk bij:<\/h2>  <h2 style=\"color:#a4a4a4;padding:px;text-align:;font-size:25px;line-height:17px;letter-spacing: px;font-weight:bold\" class=\"   nd_options_first_font \"><\/h2> <div style=\"background-color:;height: 30px\" class=\"nicdark_section  \"><\/div>[\/vc_column][\/vc_row][vc_row css=&#8221;.vc_custom_1467208629706{margin-top: 20px !important;}&#8221;][vc_column width=&#8221;1\/3&#8243; css=&#8221;.vc_custom_1620143169548{padding-top: 10px !important;padding-bottom: 10px !important;}&#8221;][vc_single_image image=&#8221;119&#8243; img_size=&#8221;760&#215;507&#8243;][vc_column_text]<strong>\u00a0 \u00a0 \u00a0 KINDERCOACHING<\/strong><\/p>\n<ul>\n<li>weerbaarheidstraining<\/li>\n<li>sociale vaardigheidstraining<\/li>\n<li>faalangstreductietraining<\/li>\n<li>omgaan met (hoog)gevoeligheid<\/li>\n<li>omgaan met gedrag<\/li>\n<li>&#8216;de kinderen scheiden mee&#8217;<\/li>\n<li>oplossingsgericht werken<\/li>\n<\/ul>\n<p>[\/vc_column_text][vc_row_inner][vc_column_inner][vc_btn title=&#8221;LEES MEER&#8221; color=&#8221;info&#8221; size=&#8221;sm&#8221; align=&#8221;center&#8221; button_block=&#8221;true&#8221; link=&#8221;url:https%3A%2F%2Fwww.coachingforkids.nl%2F%3Fpage_id%3D445|title:Kindercoaching&#8221;][\/vc_column_inner][\/vc_row_inner][\/vc_column][vc_column width=&#8221;1\/3&#8243; css=&#8221;.vc_custom_1467208650224{padding-top: 10px !important;padding-bottom: 10px !important;}&#8221;][vc_single_image image=&#8221;641&#8243; img_size=&#8221;760&#215;507&#8243;][vc_column_text]<strong>\u00a0 \u00a0 \u00a0 JEUGDCOACHING<\/strong><\/p>\n<ul>\n<li>assertiviteitstraining<\/li>\n<li>sociale vaardigheidstraining<\/li>\n<li>faalangstreductietraining<\/li>\n<li>omgaan met (hoog)gevoeligheid<\/li>\n<li>oplossingsgericht werken<\/li>\n<li>verwerken scheiding<\/li>\n<li>planning en motivatie<\/li>\n<\/ul>\n<p>[\/vc_column_text][vc_row_inner][vc_column_inner][vc_btn title=&#8221;LEES MEER&#8221; color=&#8221;violet&#8221; size=&#8221;sm&#8221; align=&#8221;center&#8221; button_block=&#8221;true&#8221; link=&#8221;url:https%3A%2F%2Fwww.coachingforkids.nl%2F%3Fpage_id%3D449|title:Jeugdcoaching&#8221;][\/vc_column_inner][\/vc_row_inner][\/vc_column][vc_column width=&#8221;1\/3&#8243; css=&#8221;.vc_custom_1467208656863{padding-top: 10px !important;padding-bottom: 10px !important;}&#8221;][vc_single_image image=&#8221;631&#8243; img_size=&#8221;760X507&#8243;][vc_column_text]<strong>\u00a0 \u00a0 \u00a0 OUDERCOACHING<\/strong><\/p>\n<ul>\n<li>(hoog)sensitieve kinderen<\/li>\n<li>(hoog)sensitieve ouders<\/li>\n<li>omgaan met gedragsproblemen<\/li>\n<li>hoe je je kind kunt versterken<\/li>\n<li>gelukkige ouders, gelukkige kinderen<\/li>\n<li>oplossingsgericht werken<\/li>\n<li>omgaan met pubers<\/li>\n<\/ul>\n<p>[\/vc_column_text][vc_row_inner][vc_column_inner][vc_btn title=&#8221;LEES MEER&#8221; color=&#8221;danger&#8221; size=&#8221;sm&#8221; align=&#8221;center&#8221; button_block=&#8221;true&#8221; link=&#8221;url:https%3A%2F%2Fwww.coachingforkids.nl%2F%3Fpage_id%3D453|title:Oudercoaching&#8221;][\/vc_column_inner][\/vc_row_inner][\/vc_column][\/vc_row][vc_row full_width=&#8221;stretch_row_content_no_spaces&#8221; equal_height=&#8221;yes&#8221; content_placement=&#8221;middle&#8221; css=&#8221;.vc_custom_1536247534933{margin-top: 50px !important;padding-top: 0px !important;padding-bottom: 0px !important;background-color: #495052 !important;}&#8221; el_class=&#8221;nd_options_vc_parallax_filter_3&#8243;][vc_column width=&#8221;1\/2&#8243; css=&#8221;.vc_custom_1536245203125{margin-top: 0px !important;margin-right: 0px !important;margin-bottom: 0px !important;margin-left: 0px !important;padding-top: 0px !important;padding-right: 0px !important;padding-bottom: 0px !important;padding-left: 0px !important;background-image: url(https:\/\/www.coachingforkids.nl\/wp-content\/uploads\/2018\/09\/parallax-5.jpg?id=103) !important;background-position: center !important;background-repeat: no-repeat !important;background-size: cover !important;}&#8221;][\/vc_column][vc_column width=&#8221;1\/2&#8243; css=&#8221;.vc_custom_1469536722273{padding-top: 100px !important;padding-right: 100px !important;padding-bottom: 100px !important;padding-left: 100px !important;}&#8221;] <h2 style=\"color:#ffffff;padding:px;text-align:;font-size:30px;line-height:px;letter-spacing: px;font-weight:normal\" class=\"   nd_options_first_font \">Wil je meer weten?<\/h2> <div style=\"background-color:;height: 20px\" class=\"nicdark_section  \"><\/div> <p style=\"color:#ffffff;padding:px;text-align:;font-size:15px;line-height:px;letter-spacing: px;font-weight:normal\" class=\"   nd_options_first_font \">Neem dan vrijblijvend contact op met de praktijk. Op dit moment is er geen wachtlijst!<\/p> <div style=\"background-color:;height: px\" class=\"nicdark_section  \"><\/div>[vc_icon icon_fontawesome=&#8221;far fa-envelope&#8221; color=&#8221;white&#8221; size=&#8221;lg&#8221; align=&#8221;center&#8221; link=&#8221;url:https%3A%2F%2Fwww.coachingforkids.nl%2F%3Fpage_id%3D86|title:Contact&#8221; css=&#8221;.vc_custom_1620469173286{margin-top: 20px !important;}&#8221;][\/vc_column][\/vc_row][vc_row][vc_column]<div style=\"background-color:#ffffff;height: 10px\" class=\"nicdark_section  \"><\/div>[\/vc_column][\/vc_row]<\/p>\n","protected":false},"excerpt":{"rendered":"<p>[vc_row css=&#8221;.vc_custom_1467207941914{margin-top: 50px !important;}&#8221;][vc_column width=&#8221;1\/4&#8243; css=&#8221;.vc_custom_1467207947647{padding-top: 10px !important;padding-bottom: 10px !important;}&#8221;][\/vc_column][vc_column width=&#8221;1\/4&#8243; css=&#8221;.vc_custom_1467207953217{padding-top: 10px !important;padding-bottom: 10px !important;}&#8221;][\/vc_column][vc_column width=&#8221;1\/4&#8243; css=&#8221;.vc_custom_1467207958392{padding-top: 10px !important;padding-bottom: 10px !important;}&#8221;][\/vc_column][vc_column width=&#8221;1\/4&#8243; css=&#8221;.vc_custom_1467207963477{padding-top: 10px !important;padding-bottom: 10px !important;}&#8221;][\/vc_column][\/vc_row][vc_row css=&#8221;.vc_custom_1467210882955{margin-top: 50px !important;}&#8221;][vc_column css=&#8221;.vc_custom_1467210877865{padding-top: 0px !important;}&#8221;][\/vc_column][\/vc_row][vc_row css=&#8221;.vc_custom_1467208629706{margin-top: 20px !important;}&#8221;][vc_column width=&#8221;1\/3&#8243; css=&#8221;.vc_custom_1620143169548{padding-top: 10px !important;padding-bottom: 10px !important;}&#8221;][vc_single_image image=&#8221;119&#8243; img_size=&#8221;760&#215;507&#8243;][vc_column_text]\u00a0 \u00a0 \u00a0 KINDERCOACHING weerbaarheidstraining sociale vaardigheidstraining faalangstreductietraining omgaan met (hoog)gevoeligheid [&hellip;]<\/p>\n","protected":false},"author":1,"featured_media":0,"parent":0,"menu_order":0,"comment_status":"closed","ping_status":"closed","template":"","meta":{"_joinchat":[],"footnotes":""},"class_list":["post-96","page","type-page","status-publish","hentry"],"_links":{"self":[{"href":"https:\/\/www.coachingforkids.nl\/index.php?rest_route=\/wp\/v2\/pages\/96","targetHints":{"allow":["GET"]}}],"collection":[{"href":"https:\/\/www.coachingforkids.nl\/index.php?rest_route=\/wp\/v2\/pages"}],"about":[{"href":"https:\/\/www.coachingforkids.nl\/index.php?rest_route=\/wp\/v2\/types\/page"}],"author":[{"embeddable":true,"href":"https:\/\/www.coachingforkids.nl\/index.php?rest_route=\/wp\/v2\/users\/1"}],"replies":[{"embeddable":true,"href":"https:\/\/www.coachingforkids.nl\/index.php?rest_route=%2Fwp%2Fv2%2Fcomments&post=96"}],"version-history":[{"count":130,"href":"https:\/\/www.coachingforkids.nl\/index.php?rest_route=\/wp\/v2\/pages\/96\/revisions"}],"predecessor-version":[{"id":1157,"href":"https:\/\/www.coachingforkids.nl\/index.php?rest_route=\/wp\/v2\/pages\/96\/revisions\/1157"}],"wp:attachment":[{"href":"https:\/\/www.coachingforkids.nl\/index.php?rest_route=%2Fwp%2Fv2%2Fmedia&parent=96"}],"curies":[{"name":"wp","href":"https:\/\/api.w.org\/{rel}","templated":true}]}}